{"id":6599,"date":"2020-10-03T23:47:43","date_gmt":"2020-10-03T21:47:43","guid":{"rendered":"https:\/\/www.kaffeehausamring.at\/produkt\/wiener-wuerstelstand-brosche\/"},"modified":"2020-10-03T23:47:43","modified_gmt":"2020-10-03T21:47:43","slug":"wiener-wuerstelstand-brosche","status":"publish","type":"product","link":"https:\/\/www.kaffeehausamring.at\/en\/produkt\/wiener-wuerstelstand-brosche\/","title":{"rendered":"Wiener W\u00fcrstelstand &#8211; Brosche"},"content":{"rendered":"<h2><span style=\"color: #ebb3b0;\">[&#8220;Leberk\u00e4s wird aus den Restln von Knacker gemacht, und die Knacker aus den Restln vom Leberk\u00e4s. So geht das ewig weiter&#8221; Simon Brenner alias Josef Hader in &#8220;Silentium&#8221;]<\/span><\/h2>\n<p>KAFFEEHAUS AM RING ist eine Hommage an das Wiener Kaffeehaus un den Wiener W\u00fcrstelstand\u00a0 \u2013 ein St\u00fcck Weltkulturerbe f\u00fcr dich. Schmuck und \u00d6sterreich-Souvenir in einem. Die Schmuckst\u00fccke bringen Humor in deinen Alltag. Du wirst sicher darauf angesprochen.<\/p>\n<p>Abmessungen: Teller ca. 3,5cm<\/p>\n<p>Materialien: Porzellan, Kunststoff, Broschennadel<\/p>\n<p>Designed &amp; in Handarbeit hergestellt in \u00d6sterreich \/\/ Wien-Ottakring von Andrea Steinhauser<br \/>\nDurch die Handarbeit k\u00f6nnen die Produkte in Farbe, Form und Gr\u00f6\u00dfe geringf\u00fcgig von der Abbildung abweichen.<\/p>\n","protected":false},"excerpt":{"rendered":"<p>Motiv ca. 3,5cm<br \/>\nKollektion KAFFEEHAUS AM RING \u2013 ein Wiener Original<\/p>\n","protected":false},"featured_media":6600,"template":"","meta":{"site-sidebar-layout":"default","site-content-layout":"default","ast-site-content-layout":"default","site-content-style":"default","site-sidebar-style":"default","ast-global-header-display":"","ast-banner-title-visibility":"","ast-main-header-display":"","ast-hfb-above-header-display":"","ast-hfb-below-header-display":"","ast-hfb-mobile-header-display":"","site-post-title":"","ast-breadcrumbs-content":"","ast-featured-img":"","footer-sml-layout":"","theme-transparent-header-meta":"default","adv-header-id-meta":"","stick-header-meta":"","header-above-stick-meta":"","header-main-stick-meta":"","header-below-stick-meta":"","astra-migrate-meta-layouts":"default","ast-page-background-enabled":"default","ast-page-background-meta":{"desktop":{"background-color":"","background-image":"","background-repeat":"repeat","background-position":"center center","background-size":"auto","background-attachment":"scroll","background-type":"","background-media":"","overlay-type":"","overlay-color":"","overlay-gradient":""},"tablet":{"background-color":"","background-image":"","background-repeat":"repeat","background-position":"center center","background-size":"auto","background-attachment":"scroll","background-type":"","background-media":"","overlay-type":"","overlay-color":"","overlay-gradient":""},"mobile":{"background-color":"","background-image":"","background-repeat":"repeat","background-position":"center center","background-size":"auto","background-attachment":"scroll","background-type":"","background-media":"","overlay-type":"","overlay-color":"","overlay-gradient":""}},"ast-content-background-meta":{"desktop":{"background-color":"var(--ast-global-color-5)","background-image":"","background-repeat":"repeat","background-position":"center center","background-size":"auto","background-attachment":"scroll","background-type":"","background-media":"","overlay-type":"","overlay-color":"","overlay-gradient":""},"tablet":{"background-color":"var(--ast-global-color-5)","background-image":"","background-repeat":"repeat","background-position":"center center","background-size":"auto","background-attachment":"scroll","background-type":"","background-media":"","overlay-type":"","overlay-color":"","overlay-gradient":""},"mobile":{"background-color":"var(--ast-global-color-5)","background-image":"","background-repeat":"repeat","background-position":"center center","background-size":"auto","background-attachment":"scroll","background-type":"","background-media":"","overlay-type":"","overlay-color":"","overlay-gradient":""}}},"product_brand":[],"product_cat":[87],"product_tag":[],"class_list":{"0":"post-6599","1":"product","2":"type-product","3":"status-publish","4":"has-post-thumbnail","6":"product_cat-brooches","7":"desktop-align-left","8":"tablet-align-left","9":"mobile-align-left","11":"first","12":"instock","13":"shipping-taxable","14":"purchasable","15":"product-type-variable"},"_links":{"self":[{"href":"https:\/\/www.kaffeehausamring.at\/en\/wp-json\/wp\/v2\/product\/6599","targetHints":{"allow":["GET"]}}],"collection":[{"href":"https:\/\/www.kaffeehausamring.at\/en\/wp-json\/wp\/v2\/product"}],"about":[{"href":"https:\/\/www.kaffeehausamring.at\/en\/wp-json\/wp\/v2\/types\/product"}],"wp:featuredmedia":[{"embeddable":true,"href":"https:\/\/www.kaffeehausamring.at\/en\/wp-json\/wp\/v2\/media\/6600"}],"wp:attachment":[{"href":"https:\/\/www.kaffeehausamring.at\/en\/wp-json\/wp\/v2\/media?parent=6599"}],"wp:term":[{"taxonomy":"product_brand","embeddable":true,"href":"https:\/\/www.kaffeehausamring.at\/en\/wp-json\/wp\/v2\/product_brand?post=6599"},{"taxonomy":"product_cat","embeddable":true,"href":"https:\/\/www.kaffeehausamring.at\/en\/wp-json\/wp\/v2\/product_cat?post=6599"},{"taxonomy":"product_tag","embeddable":true,"href":"https:\/\/www.kaffeehausamring.at\/en\/wp-json\/wp\/v2\/product_tag?post=6599"}],"curies":[{"name":"wp","href":"https:\/\/api.w.org\/{rel}","templated":true}]}}