{"id":6343,"date":"2020-10-03T23:47:56","date_gmt":"2020-10-03T21:47:56","guid":{"rendered":"https:\/\/www.kaffeehausamring.at\/produkt\/brustschwimmerin-im-porzellanbecken-ring\/"},"modified":"2020-10-03T23:47:56","modified_gmt":"2020-10-03T21:47:56","slug":"brustschwimmerin-im-porzellanbecken-ring","status":"publish","type":"product","link":"https:\/\/www.kaffeehausamring.at\/en\/produkt\/brustschwimmerin-im-porzellanbecken-ring\/","title":{"rendered":"Brustschwimmerin im Porzellanbecken &#8211; Ring"},"content":{"rendered":"<h2><span style=\"color: #ebb3b0;\">[Badenixe, die: Substantiv, feminin &#8211; umgangssprachlich scherzhaft f\u00fcr (junge) weibliche Person in Badekleidung<\/span><span style=\"color: #ebb3b0;\">]<\/span><\/h2>\n<p>Die Schmuckserie SWIMMING POOL ist inspiriert von Urlaub, Abenteuer und den sch\u00f6nsten Pl\u00e4tzen dieser Erde. Hol dir gute Stimmung in den Alltag. Du wirst sicher darauf angesprochen.<\/p>\n<p>Abmessungen:<br \/>\nRingschiene ist gr\u00f6\u00dfenverstellbar<br \/>\nMotiv ca. 2,7cm, Figur ca. 2cm<\/p>\n<p>Materialien:<br \/>\nPorzellan, Kunststoff, Ringschiene (enth\u00e4lt Messing)<\/p>\n<p>Designed &amp; in Handarbeit hergestellt in \u00d6sterreich \/\/ Wien-Ottakring<\/p>\n<p>Durch die Handarbeit k\u00f6nnen die Produkte in Farbe, Form und Gr\u00f6\u00dfe geringf\u00fcgig von der Abbildung abweichen.<\/p>\n","protected":false},"excerpt":{"rendered":"<p>gr\u00f6\u00dfenverstellbar, Motiv ca. 2,7cm<br \/>\nKollektion SWIMMING POOL\u00a0 \u2013 Urlaub und Abenteuer f\u00fcr unterwegs<\/p>\n","protected":false},"featured_media":6344,"template":"","meta":{"site-sidebar-layout":"default","site-content-layout":"default","ast-site-content-layout":"","site-content-style":"default","site-sidebar-style":"default","ast-global-header-display":"","ast-banner-title-visibility":"","ast-main-header-display":"","ast-hfb-above-header-display":"","ast-hfb-below-header-display":"","ast-hfb-mobile-header-display":"","site-post-title":"","ast-breadcrumbs-content":"","ast-featured-img":"","footer-sml-layout":"","theme-transparent-header-meta":"default","adv-header-id-meta":"","stick-header-meta":"","header-above-stick-meta":"","header-main-stick-meta":"","header-below-stick-meta":"","astra-migrate-meta-layouts":"default","ast-page-background-enabled":"default","ast-page-background-meta":{"desktop":{"background-color":"","background-image":"","background-repeat":"repeat","background-position":"center center","background-size":"auto","background-attachment":"scroll","background-type":"","background-media":"","overlay-type":"","overlay-color":"","overlay-gradient":""},"tablet":{"background-color":"","background-image":"","background-repeat":"repeat","background-position":"center center","background-size":"auto","background-attachment":"scroll","background-type":"","background-media":"","overlay-type":"","overlay-color":"","overlay-gradient":""},"mobile":{"background-color":"","background-image":"","background-repeat":"repeat","background-position":"center center","background-size":"auto","background-attachment":"scroll","background-type":"","background-media":"","overlay-type":"","overlay-color":"","overlay-gradient":""}},"ast-content-background-meta":{"desktop":{"background-color":"var(--ast-global-color-5)","background-image":"","background-repeat":"repeat","background-position":"center center","background-size":"auto","background-attachment":"scroll","background-type":"","background-media":"","overlay-type":"","overlay-color":"","overlay-gradient":""},"tablet":{"background-color":"var(--ast-global-color-5)","background-image":"","background-repeat":"repeat","background-position":"center center","background-size":"auto","background-attachment":"scroll","background-type":"","background-media":"","overlay-type":"","overlay-color":"","overlay-gradient":""},"mobile":{"background-color":"var(--ast-global-color-5)","background-image":"","background-repeat":"repeat","background-position":"center center","background-size":"auto","background-attachment":"scroll","background-type":"","background-media":"","overlay-type":"","overlay-color":"","overlay-gradient":""}}},"product_brand":[],"product_cat":[95],"product_tag":[],"class_list":{"0":"post-6343","1":"product","2":"type-product","3":"status-publish","4":"has-post-thumbnail","6":"product_cat-rings","7":"desktop-align-left","8":"tablet-align-left","9":"mobile-align-left","11":"first","12":"outofstock","13":"shipping-taxable","14":"purchasable","15":"product-type-simple"},"_links":{"self":[{"href":"https:\/\/www.kaffeehausamring.at\/en\/wp-json\/wp\/v2\/product\/6343","targetHints":{"allow":["GET"]}}],"collection":[{"href":"https:\/\/www.kaffeehausamring.at\/en\/wp-json\/wp\/v2\/product"}],"about":[{"href":"https:\/\/www.kaffeehausamring.at\/en\/wp-json\/wp\/v2\/types\/product"}],"wp:featuredmedia":[{"embeddable":true,"href":"https:\/\/www.kaffeehausamring.at\/en\/wp-json\/wp\/v2\/media\/6344"}],"wp:attachment":[{"href":"https:\/\/www.kaffeehausamring.at\/en\/wp-json\/wp\/v2\/media?parent=6343"}],"wp:term":[{"taxonomy":"product_brand","embeddable":true,"href":"https:\/\/www.kaffeehausamring.at\/en\/wp-json\/wp\/v2\/product_brand?post=6343"},{"taxonomy":"product_cat","embeddable":true,"href":"https:\/\/www.kaffeehausamring.at\/en\/wp-json\/wp\/v2\/product_cat?post=6343"},{"taxonomy":"product_tag","embeddable":true,"href":"https:\/\/www.kaffeehausamring.at\/en\/wp-json\/wp\/v2\/product_tag?post=6343"}],"curies":[{"name":"wp","href":"https:\/\/api.w.org\/{rel}","templated":true}]}}