{"id":6179,"date":"2020-10-03T23:47:58","date_gmt":"2020-10-03T21:47:58","guid":{"rendered":"https:\/\/www.kaffeehausamring.at\/produkt\/teller-fuer-suppen-currys\/"},"modified":"2020-10-03T23:47:58","modified_gmt":"2020-10-03T21:47:58","slug":"teller-fuer-suppen-currys","status":"publish","type":"product","link":"https:\/\/www.kaffeehausamring.at\/en\/produkt\/teller-fuer-suppen-currys\/","title":{"rendered":"Teller &#8211; f\u00fcr Suppen \/ Currys"},"content":{"rendered":"<h2><span style=\"color: #ebb3b0;\">[Als\u00a0Biskuitporzellan wird unglasiert gebranntes Porzellan von hohem Feldspat- und niedrigem Quarzgehalt bezeichnet]<\/span><\/h2>\n<p>Mit sch\u00f6nem Geschirr setzt du deine K\u00fcchenkreationen in Szene. Liebevoll zubereitetes Essen verdient au\u00dfergew\u00f6hnliches Geschirr.<br \/>\nDie Kollektion GARTEN EDEN ist inspiriert von der Sch\u00f6nheit der Kanarischen Inseln, meinem pers\u00f6nlichen Garten Eden. Wei\u00df wie die Str\u00e4nde und D\u00fcnen in Fuerteventura, schwarz wie die Vulkanlandschaft in Lanzarote, blau wie der Atlantik und rosa wie die Aloe vera.<\/p>\n<p>F\u00fcr den Geschirrsp\u00fcler geeignet. Wasserdicht<br \/>\nDas Geschirr ist innen glasiert. Au\u00dfen ist es unglasiert (biscuit), um die Struktur zu erhalten.<\/p>\n<p>Abmessungen: ca. 18cm<\/p>\n<p>Materialien:<br \/>\nPorzellan<\/p>\n<p>Designed &amp; in Handarbeit hergestellt in \u00d6sterreich \/\/ Wien-Ottakring<\/p>\n<p>Durch die Handarbeit k\u00f6nnen die Produkte in Farbe, Form und Gr\u00f6\u00dfe geringf\u00fcgig von der Abbildung abweichen.<\/p>\n","protected":false},"excerpt":{"rendered":"<p>geschirrsp\u00fclergeeignet, wasserdicht<\/p>\n<p>ca. 18cm<\/p>\n<p>Kollektion GARTEN EDEN<\/p>\n","protected":false},"featured_media":6180,"template":"","meta":{"site-sidebar-layout":"default","site-content-layout":"default","ast-site-content-layout":"","site-content-style":"default","site-sidebar-style":"default","ast-global-header-display":"","ast-banner-title-visibility":"","ast-main-header-display":"","ast-hfb-above-header-display":"","ast-hfb-below-header-display":"","ast-hfb-mobile-header-display":"","site-post-title":"","ast-breadcrumbs-content":"","ast-featured-img":"","footer-sml-layout":"","theme-transparent-header-meta":"default","adv-header-id-meta":"","stick-header-meta":"","header-above-stick-meta":"","header-main-stick-meta":"","header-below-stick-meta":"","astra-migrate-meta-layouts":"default","ast-page-background-enabled":"default","ast-page-background-meta":{"desktop":{"background-color":"","background-image":"","background-repeat":"repeat","background-position":"center center","background-size":"auto","background-attachment":"scroll","background-type":"","background-media":"","overlay-type":"","overlay-color":"","overlay-gradient":""},"tablet":{"background-color":"","background-image":"","background-repeat":"repeat","background-position":"center center","background-size":"auto","background-attachment":"scroll","background-type":"","background-media":"","overlay-type":"","overlay-color":"","overlay-gradient":""},"mobile":{"background-color":"","background-image":"","background-repeat":"repeat","background-position":"center center","background-size":"auto","background-attachment":"scroll","background-type":"","background-media":"","overlay-type":"","overlay-color":"","overlay-gradient":""}},"ast-content-background-meta":{"desktop":{"background-color":"var(--ast-global-color-5)","background-image":"","background-repeat":"repeat","background-position":"center center","background-size":"auto","background-attachment":"scroll","background-type":"","background-media":"","overlay-type":"","overlay-color":"","overlay-gradient":""},"tablet":{"background-color":"var(--ast-global-color-5)","background-image":"","background-repeat":"repeat","background-position":"center center","background-size":"auto","background-attachment":"scroll","background-type":"","background-media":"","overlay-type":"","overlay-color":"","overlay-gradient":""},"mobile":{"background-color":"var(--ast-global-color-5)","background-image":"","background-repeat":"repeat","background-position":"center center","background-size":"auto","background-attachment":"scroll","background-type":"","background-media":"","overlay-type":"","overlay-color":"","overlay-gradient":""}}},"product_brand":[],"product_cat":[88],"product_tag":[],"class_list":{"0":"post-6179","1":"product","2":"type-product","3":"status-publish","4":"has-post-thumbnail","6":"product_cat-tableware","7":"desktop-align-left","8":"tablet-align-left","9":"mobile-align-left","11":"first","12":"instock","13":"shipping-taxable","14":"purchasable","15":"product-type-variable"},"_links":{"self":[{"href":"https:\/\/www.kaffeehausamring.at\/en\/wp-json\/wp\/v2\/product\/6179","targetHints":{"allow":["GET"]}}],"collection":[{"href":"https:\/\/www.kaffeehausamring.at\/en\/wp-json\/wp\/v2\/product"}],"about":[{"href":"https:\/\/www.kaffeehausamring.at\/en\/wp-json\/wp\/v2\/types\/product"}],"wp:featuredmedia":[{"embeddable":true,"href":"https:\/\/www.kaffeehausamring.at\/en\/wp-json\/wp\/v2\/media\/6180"}],"wp:attachment":[{"href":"https:\/\/www.kaffeehausamring.at\/en\/wp-json\/wp\/v2\/media?parent=6179"}],"wp:term":[{"taxonomy":"product_brand","embeddable":true,"href":"https:\/\/www.kaffeehausamring.at\/en\/wp-json\/wp\/v2\/product_brand?post=6179"},{"taxonomy":"product_cat","embeddable":true,"href":"https:\/\/www.kaffeehausamring.at\/en\/wp-json\/wp\/v2\/product_cat?post=6179"},{"taxonomy":"product_tag","embeddable":true,"href":"https:\/\/www.kaffeehausamring.at\/en\/wp-json\/wp\/v2\/product_tag?post=6179"}],"curies":[{"name":"wp","href":"https:\/\/api.w.org\/{rel}","templated":true}]}}