{"id":5984,"date":"2020-10-03T23:48:10","date_gmt":"2020-10-03T21:48:10","guid":{"rendered":"https:\/\/www.kaffeehausamring.at\/produkt\/mund-nasen-bedeckung-mit-falten-in-einheitsgroesse\/"},"modified":"2020-10-03T23:48:10","modified_gmt":"2020-10-03T21:48:10","slug":"mund-nasen-bedeckung-mit-falten-in-einheitsgroesse","status":"publish","type":"product","link":"https:\/\/www.kaffeehausamring.at\/en\/produkt\/mund-nasen-bedeckung-mit-falten-in-einheitsgroesse\/","title":{"rendered":"Mund Nasen Bedeckung &#8211; mit Falten in Einheitsgr\u00f6sse"},"content":{"rendered":"<h5><span style=\"color: #ebb3b0;\">[Eintrittskarte zum Supermarkt und anderen Orten \u2013 wohin \u00e4ndert sich t\u00e4glich]<\/span><\/h5>\n<p>Handgen\u00e4hte Mundnasenbedeckung als stylisches Accessoire in diesen Zeiten.<\/p>\n<p>Zum Wenden mit 2 unterschiedlichen Seiten, um sie deinem Outfit anzupassen.<br \/>\nDieses Modell ist eine Mundnasenbedeckung mit Falten in Einheitsgr\u00f6\u00dfe, die B\u00e4nder bestehen aus einem d\u00fcnnen Gummiband. Die Mundnasenbedeckung ist einlagig aus einem etwas st\u00e4rkeren Stoff.<\/p>\n<p>Alle Produkte sind Einzelst\u00fccke.<\/p>\n<p>Eine Mundnasenbedeckung ist kein Medizinprodukt und keine pers\u00f6nliche Schutzausr\u00fcstung.<br \/>\nSie erm\u00f6glicht dir aber stylischen Zutritt in den Supermarkt und an andere Orte.<\/p>\n<p>Gr\u00f6\u00dfen: Einheitsgr\u00f6\u00dfe<\/p>\n<p>Materialien:<br \/>\nLeinen\/ Baumwolle.<\/p>\n<p>Waschanleitung:<br \/>\nLeinen und Baumwolle kann auf 60\u00b0C gewaschen werden.<br \/>\nB\u00fcgeln ist eine zus\u00e4tzliche M\u00f6glichkeit, um Keime zu reduzieren.<br \/>\nSollten die B\u00e4nder durch oftmaliges Waschen ausleiern, einfach neu zusammenknoten.<\/p>\n<p>In Handarbeit hergestellt in \u00d6sterreich \/\/ Wien-Ottakring<br \/>\nDurch die Handarbeit k\u00f6nnen die Produkte in Farbe, Form und Gr\u00f6\u00dfe geringf\u00fcgig von der Abbildung abweichen.<\/p>\n","protected":false},"excerpt":{"rendered":"<p>[Eintrittskarte zum Supermarkt und anderen Orten \u2013 wohin \u00e4ndert sich t\u00e4glich] Handgen\u00e4hte Mundnasenbedeckung als stylisches Accessoire in diesen Zeiten. Zum Wenden mit 2 unterschiedlichen Seiten, um sie deinem Outfit anzupassen. Dieses Modell ist eine Mundnasenbedeckung mit Falten in Einheitsgr\u00f6\u00dfe, die B\u00e4nder bestehen aus einem d\u00fcnnen Gummiband. Die Mundnasenbedeckung ist einlagig aus einem etwas st\u00e4rkeren Stoff. [&hellip;]<\/p>\n","protected":false},"featured_media":5985,"template":"","meta":{"site-sidebar-layout":"default","site-content-layout":"default","ast-site-content-layout":"","site-content-style":"default","site-sidebar-style":"default","ast-global-header-display":"","ast-banner-title-visibility":"","ast-main-header-display":"","ast-hfb-above-header-display":"","ast-hfb-below-header-display":"","ast-hfb-mobile-header-display":"","site-post-title":"","ast-breadcrumbs-content":"","ast-featured-img":"","footer-sml-layout":"","theme-transparent-header-meta":"default","adv-header-id-meta":"","stick-header-meta":"","header-above-stick-meta":"","header-main-stick-meta":"","header-below-stick-meta":"","astra-migrate-meta-layouts":"default","ast-page-background-enabled":"default","ast-page-background-meta":{"desktop":{"background-color":"","background-image":"","background-repeat":"repeat","background-position":"center center","background-size":"auto","background-attachment":"scroll","background-type":"","background-media":"","overlay-type":"","overlay-color":"","overlay-gradient":""},"tablet":{"background-color":"","background-image":"","background-repeat":"repeat","background-position":"center center","background-size":"auto","background-attachment":"scroll","background-type":"","background-media":"","overlay-type":"","overlay-color":"","overlay-gradient":""},"mobile":{"background-color":"","background-image":"","background-repeat":"repeat","background-position":"center center","background-size":"auto","background-attachment":"scroll","background-type":"","background-media":"","overlay-type":"","overlay-color":"","overlay-gradient":""}},"ast-content-background-meta":{"desktop":{"background-color":"var(--ast-global-color-5)","background-image":"","background-repeat":"repeat","background-position":"center center","background-size":"auto","background-attachment":"scroll","background-type":"","background-media":"","overlay-type":"","overlay-color":"","overlay-gradient":""},"tablet":{"background-color":"var(--ast-global-color-5)","background-image":"","background-repeat":"repeat","background-position":"center center","background-size":"auto","background-attachment":"scroll","background-type":"","background-media":"","overlay-type":"","overlay-color":"","overlay-gradient":""},"mobile":{"background-color":"var(--ast-global-color-5)","background-image":"","background-repeat":"repeat","background-position":"center center","background-size":"auto","background-attachment":"scroll","background-type":"","background-media":"","overlay-type":"","overlay-color":"","overlay-gradient":""}}},"product_brand":[],"product_cat":[93],"product_tag":[],"class_list":{"0":"post-5984","1":"product","2":"type-product","3":"status-publish","4":"has-post-thumbnail","6":"product_cat-mouth-protection","7":"desktop-align-left","8":"tablet-align-left","9":"mobile-align-left","11":"first","12":"instock","13":"shipping-taxable","14":"purchasable","15":"product-type-variable"},"_links":{"self":[{"href":"https:\/\/www.kaffeehausamring.at\/en\/wp-json\/wp\/v2\/product\/5984","targetHints":{"allow":["GET"]}}],"collection":[{"href":"https:\/\/www.kaffeehausamring.at\/en\/wp-json\/wp\/v2\/product"}],"about":[{"href":"https:\/\/www.kaffeehausamring.at\/en\/wp-json\/wp\/v2\/types\/product"}],"wp:featuredmedia":[{"embeddable":true,"href":"https:\/\/www.kaffeehausamring.at\/en\/wp-json\/wp\/v2\/media\/5985"}],"wp:attachment":[{"href":"https:\/\/www.kaffeehausamring.at\/en\/wp-json\/wp\/v2\/media?parent=5984"}],"wp:term":[{"taxonomy":"product_brand","embeddable":true,"href":"https:\/\/www.kaffeehausamring.at\/en\/wp-json\/wp\/v2\/product_brand?post=5984"},{"taxonomy":"product_cat","embeddable":true,"href":"https:\/\/www.kaffeehausamring.at\/en\/wp-json\/wp\/v2\/product_cat?post=5984"},{"taxonomy":"product_tag","embeddable":true,"href":"https:\/\/www.kaffeehausamring.at\/en\/wp-json\/wp\/v2\/product_tag?post=5984"}],"curies":[{"name":"wp","href":"https:\/\/api.w.org\/{rel}","templated":true}]}}